{"id":231,"date":"2009-07-01T15:21:42","date_gmt":"2009-07-01T13:21:42","guid":{"rendered":"http:\/\/www.sailing-yachting.de\/nachrichten-news\/eingabetext-pressemeldungen\/"},"modified":"2025-03-27T12:18:31","modified_gmt":"2025-03-27T10:18:31","slug":"eingabetext-pressemeldungen","status":"publish","type":"page","link":"https:\/\/www.onlineshops-finden.de\/nachrichten-online-shop\/eingabetext-pressemeldungen\/","title":{"rendered":"Onlineshops-Nachrichten-Pressemeldungen"},"content":{"rendered":"<p><strong>Nachrichten *\u00a0 Pressemeldungen * Firmennachrichten * Produktinformationen<br \/>\n<\/strong><\/p>\n<p><span style=\"color: #ffffff;\">.<\/span><\/p>\n<p>Sie haben hier die M\u00f6glichkeit, Meldungen Ihres Unternehmens\u00a0 ohne Anmeldung einzustellen.<\/p>\n<p>Bitte f\u00fcgen Sie \u00fcbliche Pressemeldungen ein, Werbeanzeigen und Werbetexte werden nicht freigeschaltet. Pressemeldungen k\u00f6nnen Sie bei textbroker.de bestellen<\/p>\n<p>&nbsp;<\/p>\n<p><strong>T\u00e4glich schalten wir Ihre Meldungen frei<\/strong><span style=\"color: #000000;\">!<\/span><br \/>\n<span style=\"color: #ff0000;\"><strong>Folgende Bedingungen m\u00fcssen erf\u00fcllt sein:<\/strong><\/span><\/p>\n<p><span style=\"color: #ff0000;\"><strong>\u00a0&#8211; Impressum mit Name Anschrift <\/strong><\/span><br \/>\n<span style=\"color: #ff0000;\"> <strong>\u00a0&#8211; Ein Bild passend zur Meldung<\/strong><\/span><br \/>\n<span style=\"color: #ff0000;\"> <strong>\u00a0&#8211; Minimum 300 W\u00f6rter <\/strong><\/span><br \/>\n<strong><span style=\"color: #ff0000;\"><br \/>\n<\/span><\/strong><\/p>\n<p><span style=\"color: #ffffff;\">.<\/span><\/p>\n<hr \/>\n<p><span style=\"color: #dfe9f1;\">.<\/span><br \/>\n<div id=\"cf7_2_post_6a83d063da\" class=\"cf7_2_post cf7_form_284336\">\n<div class=\"wpcf7 no-js\" id=\"wpcf7-f284336-o1\" lang=\"de-DE\" dir=\"ltr\" data-wpcf7-id=\"284336\">\n<div class=\"screen-reader-response\"><p role=\"status\" aria-live=\"polite\" aria-atomic=\"true\"><\/p> <ul><\/ul><\/div>\n<form action=\"\/nachrichten-online-shop\/wp-json\/wp\/v2\/pages\/231#wpcf7-f284336-o1\" method=\"post\" class=\"wpcf7-form init\" aria-label=\"Kontaktformular\" enctype=\"multipart\/form-data\" novalidate=\"novalidate\" data-status=\"init\">\n<fieldset class=\"hidden-fields-container\"><input type=\"hidden\" name=\"_wpcf7\" value=\"284336\" \/><input type=\"hidden\" name=\"_wpcf7_version\" value=\"6.1.5\" \/><input type=\"hidden\" name=\"_wpcf7_locale\" value=\"de_DE\" \/><input type=\"hidden\" name=\"_wpcf7_unit_tag\" value=\"wpcf7-f284336-o1\" \/><input type=\"hidden\" name=\"_wpcf7_container_post\" value=\"0\" \/><input type=\"hidden\" name=\"_wpcf7_posted_data_hash\" value=\"\" \/><input type=\"hidden\" name=\"_map_author\" value=\"1\" \/><input type=\"hidden\" name=\"_c2p_nonce\" value=\"fb91917f2c\" \/><input type=\"hidden\" name=\"_wpnonce\" value=\"6c7f398800\" \/>\n<\/fieldset>\n<p><label> Titel der Meldung - Fachbeitrag* <\/label><br \/>\n<span class=\"wpcf7-form-control-wrap\" data-name=\"titel\"><input size=\"40\" maxlength=\"400\" class=\"wpcf7-form-control wpcf7-text wpcf7-validates-as-required form-control\" aria-required=\"true\" aria-invalid=\"false\" value=\"\" type=\"text\" name=\"titel\" \/><\/span>\n<\/p>\n<p><label> Ihr Text Minimum 300 Worte + Impressum* <\/label><br \/>\n<span class=\"wpcf7-form-control-wrap\" data-name=\"text\"><textarea cols=\"40\" rows=\"10\" maxlength=\"2000\" class=\"wpcf7-form-control wpcf7-textarea wpcf7-validates-as-required form-control\" aria-required=\"true\" aria-invalid=\"false\" name=\"text\"><\/textarea><\/span>\n<\/p>\n<p><label> Sie m\u00fcssen ein Beitragsbild oder eine Grafik hinzuf\u00fcgen!* <\/label><br \/>\n<span class=\"wpcf7-form-control-wrap\" data-name=\"Beitragsbild\"><input size=\"40\" class=\"wpcf7-form-control wpcf7-file wpcf7-validates-as-required\" accept=\".jpg,.png,.gif,.bmp,.svg\" aria-required=\"true\" aria-invalid=\"false\" type=\"file\" name=\"Beitragsbild\" \/><\/span>\n<\/p>\n<p><label> Nennen Sie hier die zu linkende Phrase \/ oder das gew\u00fcnschte KeyWort* <\/label><br \/>\n<span class=\"wpcf7-form-control-wrap\" data-name=\"keyword\"><input size=\"40\" maxlength=\"400\" class=\"wpcf7-form-control wpcf7-text wpcf7-validates-as-required form-control\" aria-required=\"true\" aria-invalid=\"false\" value=\"\" type=\"text\" name=\"keyword\" \/><\/span>\n<\/p>\n<p><label> F\u00fcgen Sie hier Ihren Link f\u00fcr Ihre Meldung ein!* <\/label><br \/>\n<span class=\"wpcf7-form-control-wrap\" data-name=\"url-934\"><input size=\"40\" maxlength=\"400\" class=\"wpcf7-form-control wpcf7-url wpcf7-validates-as-required wpcf7-text wpcf7-validates-as-url form-control\" aria-required=\"true\" aria-invalid=\"false\" value=\"\" type=\"url\" name=\"url-934\" \/><\/span>\n<\/p>\n<p>Pressemeldung zu folgenden Bedingungen:\n<\/p>\n<p>Sie erhalten einen Text-Link<br \/>\n<strong>kostenfrei, nofollow<\/strong>\n<\/p>\n<p><label> E-Mail* <\/label><br \/>\nBitte f\u00fcgen Sie Ihre E-Mail Adresse ein.<br \/>\n<span class=\"wpcf7-form-control-wrap\" data-name=\"email\"><input size=\"40\" maxlength=\"400\" class=\"wpcf7-form-control wpcf7-email wpcf7-validates-as-required wpcf7-text wpcf7-validates-as-email form-control\" aria-required=\"true\" aria-invalid=\"false\" value=\"\" type=\"email\" name=\"email\" \/><\/span>\n<\/p>\n<p><span id=\"wpcf7-69e1158c419b8-wrapper\" class=\"wpcf7-form-control-wrap honeypot-410-wrap\" ><label for=\"wpcf7-69e1158c419b8-field\" class=\"hp-message\">Bitte lasse dieses Feld leer.<\/label><input id=\"wpcf7-69e1158c419b8-field\"  class=\"wpcf7-form-control wpcf7-text\" type=\"text\" name=\"honeypot-410\" value=\"\" size=\"40\" tabindex=\"-1\" autocomplete=\"off\" \/><\/span>\n<\/p>\n<p>* Pflichtfeld\n<\/p>\n<p><input class=\"wpcf7-form-control wpcf7-submit has-spinner\" type=\"submit\" value=\"Meldung einf\u00fcgen \/ absenden\" \/>\n<\/p><div class=\"wpcf7-response-output\" aria-hidden=\"true\"><\/div>\n<\/form>\n<\/div>\n\n<\/div><\/p>\n<p>Die auf diesem Portal eingef\u00fcgten Texte, sind f\u00fcr onlineshops-finden.de zu Werbezwecken frei nutzbar.<\/p>\n<hr \/>\n<p>&nbsp;<\/p>\n<div class=\"gfield_description\"><\/div>\n<div id=\"s3gt_translate_tooltip_mini\" class=\"s3gt_translate_tooltip_mini_box\" style=\"background: initial !important; border: initial !important; border-radius: initial !important; border-spacing: initial !important; border-collapse: initial !important; direction: ltr !important; flex-direction: initial !important; font-weight: initial !important; height: initial !important; letter-spacing: initial !important; min-width: initial !important; max-width: initial !important; min-height: initial !important; max-height: initial !important; margin: auto !important; outline: initial !important; padding: initial !important; position: absolute; table-layout: initial !important; text-align: initial !important; text-shadow: initial !important; width: initial !important; word-break: initial !important; word-spacing: initial !important; overflow-wrap: initial !important; box-sizing: initial !important; display: initial !important; color: inherit !important; font-size: 13px !important; font-family: X-LocaleSpecific,sans-serif,Tahoma,Helvetica !important; line-height: 13px !important; vertical-align: top !important; white-space: inherit !important; left: 7px; top: 694px; opacity: 0.15;\"><\/div>\n<div id=\"s3gt_translate_tooltip_mini\" class=\"s3gt_translate_tooltip_mini_box\" style=\"background: initial !important; border: initial !important; border-radius: initial !important; border-spacing: initial !important; border-collapse: initial !important; direction: ltr !important; flex-direction: initial !important; font-weight: initial !important; height: initial !important; letter-spacing: initial !important; min-width: initial !important; max-width: initial !important; min-height: initial !important; max-height: initial !important; margin: auto !important; outline: initial !important; padding: initial !important; position: absolute; table-layout: initial !important; text-align: initial !important; text-shadow: initial !important; width: initial !important; word-break: initial !important; word-spacing: initial !important; overflow-wrap: initial !important; box-sizing: initial !important; display: initial !important; color: inherit !important; font-size: 13px !important; font-family: X-LocaleSpecific,sans-serif,Tahoma,Helvetica !important; line-height: 13px !important; vertical-align: top !important; white-space: inherit !important; left: 67px; top: 680px; opacity: 0.2;\">\n<div id=\"s3gt_translate_tooltip_mini_logo\" class=\"s3gt_translate_tooltip_mini\" title=\"Markierten Text \u00fcbersetzen\"><\/div>\n<div id=\"s3gt_translate_tooltip_mini_sound\" class=\"s3gt_translate_tooltip_mini\" title=\"Abspielen\"><\/div>\n<div id=\"s3gt_translate_tooltip_mini_copy\" class=\"s3gt_translate_tooltip_mini\" title=\"In Zwischenablage kopieren\"><\/div>\n<\/div>","protected":false},"excerpt":{"rendered":"<p>Nachrichten *\u00a0 Pressemeldungen * Firmennachrichten * Produktinformationen . Sie haben hier die M\u00f6glichkeit, Meldungen Ihres Unternehmens\u00a0 ohne Anmeldung einzustellen. Bitte f\u00fcgen Sie \u00fcbliche Pressemeldungen ein, Werbeanzeigen und Werbetexte werden nicht freigeschaltet. Pressemeldungen k\u00f6nnen Sie bei textbroker.de bestellen &nbsp; T\u00e4glich schalten wir Ihre Meldungen frei! Folgende Bedingungen m\u00fcssen erf\u00fcllt sein: \u00a0&#8211; Impressum mit Name Anschrift \u00a0&#8211;<\/p>\n","protected":false},"author":37,"featured_media":0,"parent":0,"menu_order":0,"comment_status":"closed","ping_status":"closed","template":"","meta":{"footnotes":""},"class_list":["post-231","page","type-page","status-publish","hentry"],"_links":{"self":[{"href":"https:\/\/www.onlineshops-finden.de\/nachrichten-online-shop\/wp-json\/wp\/v2\/pages\/231","targetHints":{"allow":["GET"]}}],"collection":[{"href":"https:\/\/www.onlineshops-finden.de\/nachrichten-online-shop\/wp-json\/wp\/v2\/pages"}],"about":[{"href":"https:\/\/www.onlineshops-finden.de\/nachrichten-online-shop\/wp-json\/wp\/v2\/types\/page"}],"author":[{"embeddable":true,"href":"https:\/\/www.onlineshops-finden.de\/nachrichten-online-shop\/wp-json\/wp\/v2\/users\/37"}],"replies":[{"embeddable":true,"href":"https:\/\/www.onlineshops-finden.de\/nachrichten-online-shop\/wp-json\/wp\/v2\/comments?post=231"}],"version-history":[{"count":5,"href":"https:\/\/www.onlineshops-finden.de\/nachrichten-online-shop\/wp-json\/wp\/v2\/pages\/231\/revisions"}],"predecessor-version":[{"id":288354,"href":"https:\/\/www.onlineshops-finden.de\/nachrichten-online-shop\/wp-json\/wp\/v2\/pages\/231\/revisions\/288354"}],"wp:attachment":[{"href":"https:\/\/www.onlineshops-finden.de\/nachrichten-online-shop\/wp-json\/wp\/v2\/media?parent=231"}],"curies":[{"name":"wp","href":"https:\/\/api.w.org\/{rel}","templated":true}]}}